{"id":530,"date":"2026-01-29T22:38:19","date_gmt":"2026-01-29T21:38:19","guid":{"rendered":"https:\/\/keramikplatte.com\/?page_id=530"},"modified":"2026-01-29T23:53:55","modified_gmt":"2026-01-29T22:53:55","slug":"polityka-prywatnosci","status":"publish","type":"page","link":"https:\/\/keramikplatte.com\/en\/polityka-prywatnosci\/","title":{"rendered":"Privacy Policy"},"content":{"rendered":"<div data-elementor-type=\"wp-page\" data-elementor-id=\"530\" class=\"elementor elementor-530\" data-elementor-post-type=\"page\">\n\t\t\t\t<div class=\"elementor-element elementor-element-677a0fdb e-flex e-con-boxed e-con e-parent\" data-id=\"677a0fdb\" data-element_type=\"container\" data-e-type=\"container\">\n\t\t\t\t\t<div class=\"e-con-inner\">\n\t\t\t\t<div class=\"elementor-element elementor-element-31e3b52 elementor-widget elementor-widget-text-editor\" data-id=\"31e3b52\" data-element_type=\"widget\" data-e-type=\"widget\" data-widget_type=\"text-editor.default\">\n\t\t\t\t\t\t\t\t\t\n<h3 class=\"wp-block-heading\" data-start=\"522\" data-end=\"545\">Informacje og\u00f3lne<\/h3>\n<p data-start=\"546\" data-end=\"650\">Niniejsza polityka dotyczy Serwisu www, funkcjonuj\u0105cego pod adresem URL:<br data-start=\"618\" data-end=\"621\" \/><strong data-start=\"621\" data-end=\"650\"><a class=\"decorated-link\" href=\"https:\/\/keramikplatte.com\/en\/\" target=\"_new\" rel=\"noopener\" data-start=\"623\" data-end=\"648\">https:\/\/keramikplatte.com<\/a><\/strong><\/p>\n<p data-start=\"652\" data-end=\"784\">Operatorem serwisu oraz Administratorem danych osobowych jest:<br data-start=\"714\" data-end=\"717\" \/><strong data-start=\"717\" data-end=\"746\">D.M.P. Project sp. z o.o.<\/strong><br data-start=\"746\" data-end=\"749\" \/>ul. Serwituty 23, 02-233 Warszawa<\/p>\n<p data-start=\"786\" data-end=\"867\">Adres kontaktowy poczty elektronicznej operatora:<br data-start=\"835\" data-end=\"838\" \/><strong data-start=\"838\" data-end=\"867\"><a class=\"decorated-link cursor-pointer\" rel=\"noopener\" data-start=\"840\" data-end=\"865\">kontakt@keramikplatte.com<\/a><\/strong><\/p>\n<p data-start=\"869\" data-end=\"968\">Operator jest Administratorem Twoich danych osobowych w odniesieniu do danych podanych dobrowolnie.<\/p>\n<hr data-start=\"970\" data-end=\"973\" \/>\n<h3 data-start=\"975\" data-end=\"1006\">Cele przetwarzania danych<\/h3>\n<p data-start=\"1007\" data-end=\"1063\">Serwis wykorzystuje dane osobowe w nast\u0119puj\u0105cych celach:<\/p>\n<ul data-start=\"1064\" data-end=\"1128\">\n<li data-start=\"1064\" data-end=\"1096\">\n<p data-start=\"1066\" data-end=\"1096\">prowadzenie sprzeda\u017cy bilet\u00f3w,<\/p>\n<\/li>\n<li data-start=\"1097\" data-end=\"1128\">\n<p data-start=\"1099\" data-end=\"1128\">realizacja zam\u00f3wionych us\u0142ug.<\/p>\n<\/li>\n<\/ul>\n<hr data-start=\"1130\" data-end=\"1133\" \/>\n<h3 data-start=\"1135\" data-end=\"1168\">Sposoby pozyskiwania danych<\/h3>\n<p data-start=\"1169\" data-end=\"1272\">Serwis realizuje funkcje pozyskiwania informacji o u\u017cytkownikach i ich zachowaniu w nast\u0119puj\u0105cy spos\u00f3b:<\/p>\n<ul data-start=\"1273\" data-end=\"1458\">\n<li data-start=\"1273\" data-end=\"1376\">\n<p data-start=\"1275\" data-end=\"1376\">poprzez dobrowolnie wprowadzone w formularzach dane, kt\u00f3re zostaj\u0105 wprowadzone do system\u00f3w Operatora,<\/p>\n<\/li>\n<li data-start=\"1377\" data-end=\"1458\">\n<p data-start=\"1379\" data-end=\"1458\">poprzez zapisywanie w urz\u0105dzeniach ko\u0144cowych plik\u00f3w cookie (tzw. \u201eciasteczka\u201d).<\/p>\n<\/li>\n<\/ul>\n<hr data-start=\"1460\" data-end=\"1463\" \/>\n<h3 data-start=\"1465\" data-end=\"1485\">Ochrona danych<\/h3>\n<p data-start=\"1486\" data-end=\"1753\">Miejsca logowania i wprowadzania danych osobowych s\u0105 chronione w warstwie transmisji (certyfikat SSL). Dzi\u0119ki temu dane osobowe i dane logowania, wprowadzone na stronie, zostaj\u0105 zaszyfrowane w komputerze u\u017cytkownika i mog\u0105 by\u0107 odczytane jedynie na docelowym serwerze.<\/p>\n<p data-start=\"1755\" data-end=\"1969\">W celu ochrony danych Operator regularnie wykonuje kopie bezpiecze\u0144stwa.<br data-start=\"1827\" data-end=\"1830\" \/>Istotnym elementem ochrony danych jest regularna aktualizacja wszelkiego oprogramowania wykorzystywanego do przetwarzania danych osobowych.<\/p>\n<hr data-start=\"1971\" data-end=\"1974\" \/>\n<h3 data-start=\"1976\" data-end=\"1989\">Hosting<\/h3>\n<p data-start=\"1990\" data-end=\"2074\">Serwis jest hostowany (technicznie utrzymywany) na serwerach operatora:<br data-start=\"2061\" data-end=\"2064\" \/><strong data-start=\"2064\" data-end=\"2074\">Zenbox<\/strong><\/p>\n<hr data-start=\"2076\" data-end=\"2079\" \/>\n<h3 data-start=\"2081\" data-end=\"2098\">Twoje prawa<\/h3>\n<p data-start=\"2099\" data-end=\"2307\">W niekt\u00f3rych sytuacjach Administrator ma prawo przekazywa\u0107 Twoje dane osobowe innym odbiorcom, je\u015bli b\u0119dzie to niezb\u0119dne do wykonania umowy lub realizacji obowi\u0105zk\u00f3w prawnych. Dotyczy to takich podmiot\u00f3w jak:<\/p>\n<ul data-start=\"2308\" data-end=\"2406\">\n<li data-start=\"2308\" data-end=\"2351\">\n<p data-start=\"2310\" data-end=\"2351\">firma hostingowa na zasadzie powierzenia,<\/p>\n<\/li>\n<li data-start=\"2352\" data-end=\"2406\">\n<p data-start=\"2354\" data-end=\"2406\">kancelarie prawne i instytucje publiczne (np. s\u0105dy).<\/p>\n<\/li>\n<\/ul>\n<p data-start=\"2408\" data-end=\"2560\">Dane osobowe b\u0119d\u0105 przetwarzane nie d\u0142u\u017cej, ni\u017c jest to konieczne do realizacji cel\u00f3w przetwarzania, a dane marketingowe nie d\u0142u\u017cej ni\u017c przez <strong data-start=\"2549\" data-end=\"2559\">3 lata<\/strong>.<\/p>\n<p data-start=\"2562\" data-end=\"2583\">Przys\u0142uguje Ci prawo:<\/p>\n<ul data-start=\"2584\" data-end=\"2751\">\n<li data-start=\"2584\" data-end=\"2614\">\n<p data-start=\"2586\" data-end=\"2614\">dost\u0119pu do danych osobowych,<\/p>\n<\/li>\n<li data-start=\"2615\" data-end=\"2634\">\n<p data-start=\"2617\" data-end=\"2634\">ich sprostowania,<\/p>\n<\/li>\n<li data-start=\"2635\" data-end=\"2647\">\n<p data-start=\"2637\" data-end=\"2647\">usuni\u0119cia,<\/p>\n<\/li>\n<li data-start=\"2648\" data-end=\"2677\">\n<p data-start=\"2650\" data-end=\"2677\">ograniczenia przetwarzania,<\/p>\n<\/li>\n<li data-start=\"2678\" data-end=\"2700\">\n<p data-start=\"2680\" data-end=\"2700\">przenoszenia danych,<\/p>\n<\/li>\n<li data-start=\"2701\" data-end=\"2751\">\n<p data-start=\"2703\" data-end=\"2751\">wniesienia sprzeciwu wobec przetwarzania danych.<\/p>\n<\/li>\n<\/ul>\n<p data-start=\"2753\" data-end=\"2877\">Na dzia\u0142ania Administratora przys\u0142uguje skarga do Prezesa Urz\u0119du Ochrony Danych Osobowych<br data-start=\"2842\" data-end=\"2845\" \/>(ul. Stawki 2, 00-193 Warszawa).<\/p>\n<p data-start=\"2879\" data-end=\"2955\">Podanie danych osobowych jest dobrowolne, lecz niezb\u0119dne do obs\u0142ugi Serwisu.<\/p>\n<hr data-start=\"2957\" data-end=\"2960\" \/>\n<h3 data-start=\"2962\" data-end=\"2992\">Profilowanie i marketing<\/h3>\n<p data-start=\"2993\" data-end=\"3186\">W stosunku do Ciebie mog\u0105 by\u0107 podejmowane czynno\u015bci polegaj\u0105ce na zautomatyzowanym podejmowaniu decyzji, w tym profilowaniu, w celu \u015bwiadczenia us\u0142ug oraz prowadzenia marketingu bezpo\u015bredniego.<\/p>\n<p data-start=\"3188\" data-end=\"3250\">Dane osobowe nie s\u0105 przekazywane poza teren Unii Europejskiej.<\/p>\n<hr data-start=\"3252\" data-end=\"3255\" \/>\n<h3 data-start=\"3257\" data-end=\"3273\">Formularze<\/h3>\n<p data-start=\"3274\" data-end=\"3427\">Serwis zbiera informacje podane dobrowolnie przez u\u017cytkownika, w tym dane osobowe.<br data-start=\"3356\" data-end=\"3359\" \/>Mo\u017ce zapisywa\u0107 informacje o parametrach po\u0142\u0105czenia (czas, adres IP).<\/p>\n<p data-start=\"3429\" data-end=\"3547\">Dane podane w formularzach s\u0105 przetwarzane zgodnie z ich przeznaczeniem (kontakt, realizacja us\u0142ug, obs\u0142uga zg\u0142osze\u0144).<\/p>\n<hr data-start=\"3549\" data-end=\"3552\" \/>\n<h3 data-start=\"3554\" data-end=\"3564\">Logi<\/h3>\n<p data-start=\"3565\" data-end=\"3689\">Informacje o zachowaniu u\u017cytkownik\u00f3w w serwisie mog\u0105 podlega\u0107 logowaniu i s\u0105 wykorzystywane w celu administrowania serwisem.<\/p>\n<hr data-start=\"3691\" data-end=\"3694\" \/>\n<h3 data-start=\"3696\" data-end=\"3724\">Narz\u0119dzia marketingowe<\/h3>\n<p data-start=\"3725\" data-end=\"3872\">Operator stosuje analiz\u0119 statystyczn\u0105 ruchu na stronie przy u\u017cyciu <strong data-start=\"3792\" data-end=\"3812\">Google Analytics<\/strong>.<br data-start=\"3813\" data-end=\"3816\" \/>Do Google przekazywane s\u0105 wy\u0142\u0105cznie dane zanonimizowane.<\/p>\n<p data-start=\"3874\" data-end=\"3980\">U\u017cytkownik mo\u017ce zarz\u0105dza\u0107 preferencjami reklamowymi pod adresem:<br data-start=\"3938\" data-end=\"3941\" \/><a class=\"decorated-link\" href=\"https:\/\/www.google.com\/ads\/preferences\/\" target=\"_new\" rel=\"noopener\" data-start=\"3941\" data-end=\"3980\">https:\/\/www.google.com\/ads\/preferences\/<\/a><\/p>\n<hr data-start=\"3982\" data-end=\"3985\" \/>\n<h3 data-start=\"3987\" data-end=\"4006\">Pliki cookies<\/h3>\n<p data-start=\"4007\" data-end=\"4047\">Serwis korzysta z plik\u00f3w cookies w celu:<\/p>\n<ul data-start=\"4048\" data-end=\"4130\">\n<li data-start=\"4048\" data-end=\"4079\">\n<p data-start=\"4050\" data-end=\"4079\">utrzymania sesji u\u017cytkownika,<\/p>\n<\/li>\n<li data-start=\"4080\" data-end=\"4130\">\n<p data-start=\"4082\" data-end=\"4130\">realizacji cel\u00f3w analitycznych i marketingowych.<\/p>\n<\/li>\n<\/ul>\n<p data-start=\"4132\" data-end=\"4283\">U\u017cytkownik mo\u017ce samodzielnie zarz\u0105dza\u0107 plikami cookies w ustawieniach przegl\u0105darki. Ograniczenie ich stosowania mo\u017ce wp\u0142yn\u0105\u0107 na funkcjonalno\u015b\u0107 serwisu.<\/p>\n<p data-start=\"4285\" data-end=\"4366\">Pliki cookies mog\u0105 by\u0107 wykorzystywane tak\u017ce przez podmioty wsp\u00f3\u0142pracuj\u0105ce, m.in.:<\/p>\n<ul data-start=\"4367\" data-end=\"4399\">\n<li data-start=\"4367\" data-end=\"4376\">\n<p data-start=\"4369\" data-end=\"4376\">Google,<\/p>\n<\/li>\n<li data-start=\"4377\" data-end=\"4388\">\n<p data-start=\"4379\" data-end=\"4388\">Facebook,<\/p>\n<\/li>\n<li data-start=\"4389\" data-end=\"4399\">\n<p data-start=\"4391\" data-end=\"4399\">Twitter.<\/p>\n<\/li>\n<\/ul>\n<ul class=\"wp-block-list\"><\/ul>\n<!-- \/wp:list -->\t\t\t\t\t\t\t\t<\/div>\n\t\t\t\t\t<\/div>\n\t\t\t\t<\/div>\n\t\t\t\t<\/div>","protected":false},"excerpt":{"rendered":"<p>Informacje og\u00f3lne Niniejsza polityka dotyczy Serwisu www, funkcjonuj\u0105cego pod adresem URL:https:\/\/keramikplatte.com Operatorem serwisu oraz Administratorem danych osobowych jest:D.M.P. Project sp. z o.o.ul. Serwituty 23, 02-233 Warszawa Adres kontaktowy poczty elektronicznej operatora:kontakt@keramikplatte.com Operator jest Administratorem Twoich danych osobowych w odniesieniu do danych podanych dobrowolnie. Cele przetwarzania danych Serwis wykorzystuje dane osobowe w nast\u0119puj\u0105cych celach: prowadzenie sprzeda\u017cy [&hellip;]<\/p>","protected":false},"author":1,"featured_media":0,"parent":0,"menu_order":0,"comment_status":"closed","ping_status":"closed","template":"","meta":{"inline_featured_image":false,"footnotes":""},"class_list":["post-530","page","type-page","status-publish","hentry"],"_links":{"self":[{"href":"https:\/\/keramikplatte.com\/en\/wp-json\/wp\/v2\/pages\/530","targetHints":{"allow":["GET"]}}],"collection":[{"href":"https:\/\/keramikplatte.com\/en\/wp-json\/wp\/v2\/pages"}],"about":[{"href":"https:\/\/keramikplatte.com\/en\/wp-json\/wp\/v2\/types\/page"}],"author":[{"embeddable":true,"href":"https:\/\/keramikplatte.com\/en\/wp-json\/wp\/v2\/users\/1"}],"replies":[{"embeddable":true,"href":"https:\/\/keramikplatte.com\/en\/wp-json\/wp\/v2\/comments?post=530"}],"version-history":[{"count":3,"href":"https:\/\/keramikplatte.com\/en\/wp-json\/wp\/v2\/pages\/530\/revisions"}],"predecessor-version":[{"id":566,"href":"https:\/\/keramikplatte.com\/en\/wp-json\/wp\/v2\/pages\/530\/revisions\/566"}],"wp:attachment":[{"href":"https:\/\/keramikplatte.com\/en\/wp-json\/wp\/v2\/media?parent=530"}],"curies":[{"name":"wp","href":"https:\/\/api.w.org\/{rel}","templated":true}]}}