{"id":532,"date":"2026-01-29T22:39:11","date_gmt":"2026-01-29T21:39:11","guid":{"rendered":"https:\/\/keramikplatte.com\/?page_id=532"},"modified":"2026-01-29T23:55:12","modified_gmt":"2026-01-29T22:55:12","slug":"rodo","status":"publish","type":"page","link":"https:\/\/keramikplatte.com\/de\/rodo\/","title":{"rendered":"DSGVO"},"content":{"rendered":"<div data-elementor-type=\"wp-page\" data-elementor-id=\"532\" class=\"elementor elementor-532\" data-elementor-post-type=\"page\">\n\t\t\t\t<div class=\"elementor-element elementor-element-6b8f5dd8 e-flex e-con-boxed e-con e-parent\" data-id=\"6b8f5dd8\" data-element_type=\"container\" data-e-type=\"container\">\n\t\t\t\t\t<div class=\"e-con-inner\">\n\t\t\t\t<div class=\"elementor-element elementor-element-31cd28d5 elementor-widget elementor-widget-text-editor\" data-id=\"31cd28d5\" data-element_type=\"widget\" data-e-type=\"widget\" data-widget_type=\"text-editor.default\">\n\t\t\t\t\t\t\t\t\t\n<h2 class=\"wp-block-heading\" data-start=\"439\" data-end=\"468\">KLAUZULA INFORMACYJNA RODO<\/h2>\n<p data-start=\"470\" data-end=\"689\">Zgodnie z art. 13 ust. 1 Rozporz\u0105dzenia Parlamentu Europejskiego i Rady (UE) 2016\/679<br data-start=\"555\" data-end=\"558\" \/>z dnia 27 kwietnia 2016 r. w sprawie ochrony os\u00f3b fizycznych w zwi\u0105zku z przetwarzaniem<br data-start=\"645\" data-end=\"648\" \/>danych osobowych (RODO), informujemy, \u017ce:<\/p>\n<hr data-start=\"691\" data-end=\"694\" \/>\n<h3 data-start=\"696\" data-end=\"732\">Administrator danych osobowych<\/h3>\n<p data-start=\"733\" data-end=\"880\">Administratorem Pani\/Pana danych osobowych jest:<br data-start=\"781\" data-end=\"784\" \/><strong data-start=\"784\" data-end=\"842\">D.M.P. PROJECT sp\u00f3\u0142ka z ograniczon\u0105 odpowiedzialno\u015bci\u0105<\/strong><br data-start=\"842\" data-end=\"845\" \/>ul. Serwituty 23, 02-233 Warszawa<\/p>\n<p data-start=\"882\" data-end=\"938\">Adres kontaktowy e-mail:<br data-start=\"906\" data-end=\"909\" \/><strong data-start=\"909\" data-end=\"938\"><a class=\"decorated-link cursor-pointer\" rel=\"noopener\" data-start=\"911\" data-end=\"936\">kontakt@keramikplatte.com<\/a><\/strong><\/p>\n<hr data-start=\"940\" data-end=\"943\" \/>\n<h3 data-start=\"945\" data-end=\"986\">Cel i podstawa przetwarzania danych<\/h3>\n<p data-start=\"987\" data-end=\"1051\">Pani\/Pana dane osobowe przetwarzane b\u0119d\u0105 w nast\u0119puj\u0105cych celach:<\/p>\n<ul data-start=\"1052\" data-end=\"1114\">\n<li data-start=\"1052\" data-end=\"1069\">\n<p data-start=\"1054\" data-end=\"1069\">marketingowych,<\/p>\n<\/li>\n<li data-start=\"1070\" data-end=\"1085\">\n<p data-start=\"1072\" data-end=\"1085\">kontaktowych,<\/p>\n<\/li>\n<li data-start=\"1086\" data-end=\"1114\">\n<p data-start=\"1088\" data-end=\"1114\">realizacji zawartych um\u00f3w,<\/p>\n<\/li>\n<\/ul>\n<p data-start=\"1116\" data-end=\"1165\">na podstawie art. 6 ust. 1 lit. a, b oraz f RODO.<\/p>\n<hr data-start=\"1167\" data-end=\"1170\" \/>\n<h3 data-start=\"1172\" data-end=\"1193\">Odbiorcy danych<\/h3>\n<p data-start=\"1194\" data-end=\"1300\">Odbiorcami Pani\/Pana danych osobowych mog\u0105 by\u0107 podmioty wsp\u00f3\u0142pracuj\u0105ce z Administratorem, w szczeg\u00f3lno\u015bci:<\/p>\n<ul data-start=\"1301\" data-end=\"1429\">\n<li data-start=\"1301\" data-end=\"1341\">\n<p data-start=\"1303\" data-end=\"1341\">podmioty \u015bwiadcz\u0105ce us\u0142ugi hostingowe,<\/p>\n<\/li>\n<li data-start=\"1342\" data-end=\"1362\">\n<p data-start=\"1344\" data-end=\"1362\">dostawcy us\u0142ug IT,<\/p>\n<\/li>\n<li data-start=\"1363\" data-end=\"1429\">\n<p data-start=\"1365\" data-end=\"1429\">podmioty obs\u0142uguj\u0105ce procesy ksi\u0119gowe, prawne i administracyjne,<\/p>\n<\/li>\n<\/ul>\n<p data-start=\"1431\" data-end=\"1497\">wy\u0142\u0105cznie w zakresie niezb\u0119dnym do realizacji cel\u00f3w przetwarzania.<\/p>\n<hr data-start=\"1499\" data-end=\"1502\" \/>\n<h3 data-start=\"1504\" data-end=\"1537\">Okres przechowywania danych<\/h3>\n<p data-start=\"1538\" data-end=\"1592\">Pani\/Pana dane osobowe b\u0119d\u0105 przechowywane przez okres:<\/p>\n<ul data-start=\"1593\" data-end=\"1743\">\n<li data-start=\"1593\" data-end=\"1658\">\n<p data-start=\"1595\" data-end=\"1658\">niezb\u0119dny do realizacji um\u00f3w oraz roszcze\u0144 z nich wynikaj\u0105cych,<\/p>\n<\/li>\n<li data-start=\"1659\" data-end=\"1743\">\n<p data-start=\"1661\" data-end=\"1743\">a w przypadku danych przetwarzanych na podstawie zgody \u2014 do momentu jej cofni\u0119cia.<\/p>\n<\/li>\n<\/ul>\n<hr data-start=\"1745\" data-end=\"1748\" \/>\n<h3 data-start=\"1750\" data-end=\"1775\">Przys\u0142uguj\u0105ce prawa<\/h3>\n<p data-start=\"1776\" data-end=\"1807\">Przys\u0142uguje Pani\/Panu prawo do:<\/p>\n<ul data-start=\"1808\" data-end=\"2107\">\n<li data-start=\"1808\" data-end=\"1852\">\n<p data-start=\"1810\" data-end=\"1852\">dost\u0119pu do tre\u015bci swoich danych osobowych,<\/p>\n<\/li>\n<li data-start=\"1853\" data-end=\"1872\">\n<p data-start=\"1855\" data-end=\"1872\">ich sprostowania,<\/p>\n<\/li>\n<li data-start=\"1873\" data-end=\"1885\">\n<p data-start=\"1875\" data-end=\"1885\">usuni\u0119cia,<\/p>\n<\/li>\n<li data-start=\"1886\" data-end=\"1915\">\n<p data-start=\"1888\" data-end=\"1915\">ograniczenia przetwarzania,<\/p>\n<\/li>\n<li data-start=\"1916\" data-end=\"1938\">\n<p data-start=\"1918\" data-end=\"1938\">przenoszenia danych,<\/p>\n<\/li>\n<li data-start=\"1939\" data-end=\"1989\">\n<p data-start=\"1941\" data-end=\"1989\">wniesienia sprzeciwu wobec przetwarzania danych,<\/p>\n<\/li>\n<li data-start=\"1990\" data-end=\"2107\">\n<p data-start=\"1992\" data-end=\"2107\">cofni\u0119cia zgody w dowolnym momencie, bez wp\u0142ywu na zgodno\u015b\u0107 z prawem przetwarzania dokonanego przed jej cofni\u0119ciem.<\/p>\n<\/li>\n<\/ul>\n<hr data-start=\"2109\" data-end=\"2112\" \/>\n<h3 data-start=\"2114\" data-end=\"2135\">Prawo do skargi<\/h3>\n<p data-start=\"2136\" data-end=\"2343\">Je\u017celi uzna Pani\/Pan, \u017ce przetwarzanie danych osobowych narusza przepisy RODO, przys\u0142uguje Pani\/Panu prawo wniesienia skargi do:<br data-start=\"2264\" data-end=\"2267\" \/><strong data-start=\"2267\" data-end=\"2310\">Prezesa Urz\u0119du Ochrony Danych Osobowych<\/strong><br data-start=\"2310\" data-end=\"2313\" \/>ul. Stawki 2, 00-193 Warszawa.<\/p>\n<hr data-start=\"2345\" data-end=\"2348\" \/>\n<h3 data-start=\"2350\" data-end=\"2383\">Dobrowolno\u015b\u0107 podania danych<\/h3>\n<p data-start=\"2384\" data-end=\"2515\">Podanie danych osobowych jest dobrowolne, jednak ich niepodanie mo\u017ce uniemo\u017cliwi\u0107 kontakt lub realizacj\u0119 um\u00f3w przez Administratora.<\/p>\n\t\t\t\t\t\t\t\t<\/div>\n\t\t\t\t\t<\/div>\n\t\t\t\t<\/div>\n\t\t\t\t<\/div>","protected":false},"excerpt":{"rendered":"<p>KLAUZULA INFORMACYJNA RODO Zgodnie z art. 13 ust. 1 Rozporz\u0105dzenia Parlamentu Europejskiego i Rady (UE) 2016\/679z dnia 27 kwietnia 2016 r. w sprawie ochrony os\u00f3b fizycznych w zwi\u0105zku z przetwarzaniemdanych osobowych (RODO), informujemy, \u017ce: Administrator danych osobowych Administratorem Pani\/Pana danych osobowych jest:D.M.P. PROJECT sp\u00f3\u0142ka z ograniczon\u0105 odpowiedzialno\u015bci\u0105ul. Serwituty 23, 02-233 Warszawa Adres kontaktowy e-mail:kontakt@keramikplatte.com Cel [&hellip;]<\/p>","protected":false},"author":1,"featured_media":0,"parent":0,"menu_order":0,"comment_status":"closed","ping_status":"closed","template":"","meta":{"inline_featured_image":false,"footnotes":""},"class_list":["post-532","page","type-page","status-publish","hentry"],"_links":{"self":[{"href":"https:\/\/keramikplatte.com\/de\/wp-json\/wp\/v2\/pages\/532","targetHints":{"allow":["GET"]}}],"collection":[{"href":"https:\/\/keramikplatte.com\/de\/wp-json\/wp\/v2\/pages"}],"about":[{"href":"https:\/\/keramikplatte.com\/de\/wp-json\/wp\/v2\/types\/page"}],"author":[{"embeddable":true,"href":"https:\/\/keramikplatte.com\/de\/wp-json\/wp\/v2\/users\/1"}],"replies":[{"embeddable":true,"href":"https:\/\/keramikplatte.com\/de\/wp-json\/wp\/v2\/comments?post=532"}],"version-history":[{"count":3,"href":"https:\/\/keramikplatte.com\/de\/wp-json\/wp\/v2\/pages\/532\/revisions"}],"predecessor-version":[{"id":570,"href":"https:\/\/keramikplatte.com\/de\/wp-json\/wp\/v2\/pages\/532\/revisions\/570"}],"wp:attachment":[{"href":"https:\/\/keramikplatte.com\/de\/wp-json\/wp\/v2\/media?parent=532"}],"curies":[{"name":"wp","href":"https:\/\/api.w.org\/{rel}","templated":true}]}}